{"id":13495,"date":"2025-12-08T09:04:00","date_gmt":"2025-12-08T09:04:00","guid":{"rendered":"https:\/\/platform.sitproject.eu\/e-vzdelavanie\/"},"modified":"2026-03-16T14:15:55","modified_gmt":"2026-03-16T14:15:55","slug":"e-vzdelavanie","status":"publish","type":"page","link":"https:\/\/platform.sitproject.eu\/sk\/e-vzdelavanie\/","title":{"rendered":"E-vzdel\u00e1vanie"},"content":{"rendered":"\t\t<div data-elementor-type=\"wp-page\" data-elementor-id=\"13495\" class=\"elementor elementor-13495 elementor-342\" data-elementor-post-type=\"page\">\n\t\t\t\t<div class=\"elementor-element elementor-element-55166c1 e-con-full e-flex e-con e-parent\" data-id=\"55166c1\" data-element_type=\"container\" data-settings=\"{&quot;background_background&quot;:&quot;classic&quot;}\">\n\t\t\t\t<div class=\"elementor-element elementor-element-5862945 elementor-widget elementor-widget-heading\" data-id=\"5862945\" data-element_type=\"widget\" data-widget_type=\"heading.default\">\n\t\t\t\t<div class=\"elementor-widget-container\">\n\t\t\t\t\t<p class=\"elementor-heading-title elementor-size-default\">Vitajte<\/p>\t\t\t\t<\/div>\n\t\t\t\t<\/div>\n\t\t\t\t<div class=\"elementor-element elementor-element-05e8555 elementor-widget elementor-widget-heading\" data-id=\"05e8555\" data-element_type=\"widget\" data-widget_type=\"heading.default\">\n\t\t\t\t<div class=\"elementor-widget-container\">\n\t\t\t\t\t<h1 class=\"elementor-heading-title elementor-size-default\">na platforme<\/h1>\t\t\t\t<\/div>\n\t\t\t\t<\/div>\n\t\t\t\t<div class=\"elementor-element elementor-element-7f6c71c elementor-widget elementor-widget-heading\" data-id=\"7f6c71c\" data-element_type=\"widget\" data-widget_type=\"heading.default\">\n\t\t\t\t<div class=\"elementor-widget-container\">\n\t\t\t\t\t<h1 class=\"elementor-heading-title elementor-size-default\">e-vzdel\u00e1vania<\/h1>\t\t\t\t<\/div>\n\t\t\t\t<\/div>\n\t\t\t\t<div class=\"elementor-element elementor-element-cc54c38 elementor-widget elementor-widget-image\" data-id=\"cc54c38\" data-element_type=\"widget\" data-widget_type=\"image.default\">\n\t\t\t\t<div class=\"elementor-widget-container\">\n\t\t\t\t\t\t\t\t\t\t\t\t\t\t\t<img fetchpriority=\"high\" decoding=\"async\" width=\"248\" height=\"248\" src=\"https:\/\/platform.sitproject.eu\/wp-content\/uploads\/2025\/07\/scroll_.png\" class=\"attachment-full size-full wp-image-13458\" alt=\"\" srcset=\"https:\/\/platform.sitproject.eu\/wp-content\/uploads\/2025\/07\/scroll_.png 248w, https:\/\/platform.sitproject.eu\/wp-content\/uploads\/2025\/07\/scroll_-150x150.png 150w\" sizes=\"(max-width: 248px) 100vw, 248px\" \/>\t\t\t\t\t\t\t\t\t\t\t\t\t\t\t<\/div>\n\t\t\t\t<\/div>\n\t\t\t\t<div class=\"elementor-element elementor-element-ee40910 elementor-widget elementor-widget-spacer\" data-id=\"ee40910\" data-element_type=\"widget\" data-widget_type=\"spacer.default\">\n\t\t\t\t<div class=\"elementor-widget-container\">\n\t\t\t\t\t\t\t<div class=\"elementor-spacer\">\n\t\t\t<div class=\"elementor-spacer-inner\"><\/div>\n\t\t<\/div>\n\t\t\t\t\t\t<\/div>\n\t\t\t\t<\/div>\n\t\t\t\t<\/div>\n\t\t<div class=\"elementor-element elementor-element-eb367f0 e-flex e-con-boxed e-con e-parent\" data-id=\"eb367f0\" data-element_type=\"container\" data-settings=\"{&quot;background_background&quot;:&quot;classic&quot;}\">\n\t\t\t\t\t<div class=\"e-con-inner\">\n\t\t<div class=\"elementor-element elementor-element-1e71c28 e-con-full e-flex e-con e-child\" data-id=\"1e71c28\" data-element_type=\"container\">\n\t\t\t\t<div class=\"elementor-element elementor-element-5a767ca elementor-widget elementor-widget-image\" data-id=\"5a767ca\" data-element_type=\"widget\" data-widget_type=\"image.default\">\n\t\t\t\t<div class=\"elementor-widget-container\">\n\t\t\t\t\t\t\t\t\t\t\t\t\t\t\t\t<a href=\"#\">\n\t\t\t\t\t\t\t<img decoding=\"async\" width=\"1200\" height=\"630\" src=\"https:\/\/platform.sitproject.eu\/wp-content\/uploads\/2025\/07\/feat1200x630-01.jpg\" class=\"attachment-full size-full wp-image-13081\" alt=\"\" srcset=\"https:\/\/platform.sitproject.eu\/wp-content\/uploads\/2025\/07\/feat1200x630-01.jpg 1200w, https:\/\/platform.sitproject.eu\/wp-content\/uploads\/2025\/07\/feat1200x630-01-300x158.jpg 300w, https:\/\/platform.sitproject.eu\/wp-content\/uploads\/2025\/07\/feat1200x630-01-1024x538.jpg 1024w, https:\/\/platform.sitproject.eu\/wp-content\/uploads\/2025\/07\/feat1200x630-01-768x403.jpg 768w, https:\/\/platform.sitproject.eu\/wp-content\/uploads\/2025\/07\/feat1200x630-01-624x328.jpg 624w\" sizes=\"(max-width: 1200px) 100vw, 1200px\" \/>\t\t\t\t\t\t\t\t<\/a>\n\t\t\t\t\t\t\t\t\t\t\t\t\t\t\t<\/div>\n\t\t\t\t<\/div>\n\t\t\t\t<div class=\"elementor-element elementor-element-c3d7305 elementor-widget elementor-widget-heading\" data-id=\"c3d7305\" data-element_type=\"widget\" data-widget_type=\"heading.default\">\n\t\t\t\t<div class=\"elementor-widget-container\">\n\t\t\t\t\t<h5 class=\"elementor-heading-title elementor-size-default\"><a href=\"#\">Kurz technika v oblasti biotextilu (EQF5)<\/a><\/h5>\t\t\t\t<\/div>\n\t\t\t\t<\/div>\n\t\t\t\t<\/div>\n\t\t<div class=\"elementor-element elementor-element-aba62a5 e-con-full e-flex e-con e-child\" data-id=\"aba62a5\" data-element_type=\"container\">\n\t\t\t\t<div class=\"elementor-element elementor-element-3939e35 elementor-widget elementor-widget-image\" data-id=\"3939e35\" data-element_type=\"widget\" data-widget_type=\"image.default\">\n\t\t\t\t<div class=\"elementor-widget-container\">\n\t\t\t\t\t\t\t\t\t\t\t\t\t\t\t\t<a href=\"#\">\n\t\t\t\t\t\t\t<img decoding=\"async\" width=\"1200\" height=\"630\" src=\"https:\/\/platform.sitproject.eu\/wp-content\/uploads\/2025\/07\/feat1200x630-02.jpg\" class=\"attachment-full size-full wp-image-13106\" alt=\"\" srcset=\"https:\/\/platform.sitproject.eu\/wp-content\/uploads\/2025\/07\/feat1200x630-02.jpg 1200w, https:\/\/platform.sitproject.eu\/wp-content\/uploads\/2025\/07\/feat1200x630-02-300x158.jpg 300w, https:\/\/platform.sitproject.eu\/wp-content\/uploads\/2025\/07\/feat1200x630-02-1024x538.jpg 1024w, https:\/\/platform.sitproject.eu\/wp-content\/uploads\/2025\/07\/feat1200x630-02-768x403.jpg 768w, https:\/\/platform.sitproject.eu\/wp-content\/uploads\/2025\/07\/feat1200x630-02-624x328.jpg 624w\" sizes=\"(max-width: 1200px) 100vw, 1200px\" \/>\t\t\t\t\t\t\t\t<\/a>\n\t\t\t\t\t\t\t\t\t\t\t\t\t\t\t<\/div>\n\t\t\t\t<\/div>\n\t\t\t\t<div class=\"elementor-element elementor-element-4e9b99f elementor-widget elementor-widget-heading\" data-id=\"4e9b99f\" data-element_type=\"widget\" data-widget_type=\"heading.default\">\n\t\t\t\t<div class=\"elementor-widget-container\">\n\t\t\t\t\t<h5 class=\"elementor-heading-title elementor-size-default\"><a href=\"#\">Kurz mana\u017e\u00e9ra v oblasti recykl\u00e1cie textilu (EQF 6)<\/a><\/h5>\t\t\t\t<\/div>\n\t\t\t\t<\/div>\n\t\t\t\t<\/div>\n\t\t\t\t\t<\/div>\n\t\t\t\t<\/div>\n\t\t<div class=\"elementor-element elementor-element-e93b026 e-flex e-con-boxed e-con e-parent\" data-id=\"e93b026\" data-element_type=\"container\" data-settings=\"{&quot;background_background&quot;:&quot;classic&quot;}\">\n\t\t\t\t\t<div class=\"e-con-inner\">\n\t\t<div class=\"elementor-element elementor-element-74a3ed5 e-con-full e-flex e-con e-child\" data-id=\"74a3ed5\" data-element_type=\"container\">\n\t\t\t\t<div class=\"elementor-element elementor-element-5d158c0 elementor-view-default elementor-position-top elementor-mobile-position-top elementor-widget elementor-widget-icon-box\" data-id=\"5d158c0\" data-element_type=\"widget\" data-widget_type=\"icon-box.default\">\n\t\t\t\t<div class=\"elementor-widget-container\">\n\t\t\t\t\t\t\t<div class=\"elementor-icon-box-wrapper\">\n\n\t\t\t\t\t\t<div class=\"elementor-icon-box-icon\">\n\t\t\t\t<a href=\"https:\/\/platform.sitproject.eu\/sk\/informacny-panel\/\" class=\"elementor-icon\" tabindex=\"-1\" aria-label=\"Informa\u010dn\u00fd panel\">\n\t\t\t\t<svg aria-hidden=\"true\" class=\"e-font-icon-svg e-fas-user-circle\" viewBox=\"0 0 496 512\" xmlns=\"http:\/\/www.w3.org\/2000\/svg\"><path d=\"M248 8C111 8 0 119 0 256s111 248 248 248 248-111 248-248S385 8 248 8zm0 96c48.6 0 88 39.4 88 88s-39.4 88-88 88-88-39.4-88-88 39.4-88 88-88zm0 344c-58.7 0-111.3-26.6-146.5-68.2 18.8-35.4 55.6-59.8 98.5-59.8 2.4 0 4.8.4 7.1 1.1 13 4.2 26.6 6.9 40.9 6.9 14.3 0 28-2.7 40.9-6.9 2.3-.7 4.7-1.1 7.1-1.1 42.9 0 79.7 24.4 98.5 59.8C359.3 421.4 306.7 448 248 448z\"><\/path><\/svg>\t\t\t\t<\/a>\n\t\t\t<\/div>\n\t\t\t\n\t\t\t\t\t\t<div class=\"elementor-icon-box-content\">\n\n\t\t\t\t\t\t\t\t\t<h3 class=\"elementor-icon-box-title\">\n\t\t\t\t\t\t<a href=\"https:\/\/platform.sitproject.eu\/sk\/informacny-panel\/\" >\n\t\t\t\t\t\t\tInforma\u010dn\u00fd panel\t\t\t\t\t\t<\/a>\n\t\t\t\t\t<\/h3>\n\t\t\t\t\n\t\t\t\t\n\t\t\t<\/div>\n\t\t\t\n\t\t<\/div>\n\t\t\t\t\t\t<\/div>\n\t\t\t\t<\/div>\n\t\t\t\t<\/div>\n\t\t<div class=\"elementor-element elementor-element-ba255d9 e-con-full e-flex e-con e-child\" data-id=\"ba255d9\" data-element_type=\"container\">\n\t\t\t\t<div class=\"elementor-element elementor-element-b7f6ef9 elementor-view-default elementor-position-top elementor-mobile-position-top elementor-widget elementor-widget-icon-box\" data-id=\"b7f6ef9\" data-element_type=\"widget\" data-widget_type=\"icon-box.default\">\n\t\t\t\t<div class=\"elementor-widget-container\">\n\t\t\t\t\t\t\t<div class=\"elementor-icon-box-wrapper\">\n\n\t\t\t\t\t\t<div class=\"elementor-icon-box-icon\">\n\t\t\t\t<a href=\"https:\/\/platform.sitproject.eu\/faqs\/\" class=\"elementor-icon\" tabindex=\"-1\" aria-label=\"\u010casto kladen\u00e9 ot\u00e1zky\">\n\t\t\t\t<svg aria-hidden=\"true\" class=\"e-font-icon-svg e-far-question-circle\" viewBox=\"0 0 512 512\" xmlns=\"http:\/\/www.w3.org\/2000\/svg\"><path d=\"M256 8C119.043 8 8 119.083 8 256c0 136.997 111.043 248 248 248s248-111.003 248-248C504 119.083 392.957 8 256 8zm0 448c-110.532 0-200-89.431-200-200 0-110.495 89.472-200 200-200 110.491 0 200 89.471 200 200 0 110.53-89.431 200-200 200zm107.244-255.2c0 67.052-72.421 68.084-72.421 92.863V300c0 6.627-5.373 12-12 12h-45.647c-6.627 0-12-5.373-12-12v-8.659c0-35.745 27.1-50.034 47.579-61.516 17.561-9.845 28.324-16.541 28.324-29.579 0-17.246-21.999-28.693-39.784-28.693-23.189 0-33.894 10.977-48.942 29.969-4.057 5.12-11.46 6.071-16.666 2.124l-27.824-21.098c-5.107-3.872-6.251-11.066-2.644-16.363C184.846 131.491 214.94 112 261.794 112c49.071 0 101.45 38.304 101.45 88.8zM298 368c0 23.159-18.841 42-42 42s-42-18.841-42-42 18.841-42 42-42 42 18.841 42 42z\"><\/path><\/svg>\t\t\t\t<\/a>\n\t\t\t<\/div>\n\t\t\t\n\t\t\t\t\t\t<div class=\"elementor-icon-box-content\">\n\n\t\t\t\t\t\t\t\t\t<h3 class=\"elementor-icon-box-title\">\n\t\t\t\t\t\t<a href=\"https:\/\/platform.sitproject.eu\/faqs\/\" >\n\t\t\t\t\t\t\t\u010casto kladen\u00e9 ot\u00e1zky\t\t\t\t\t\t<\/a>\n\t\t\t\t\t<\/h3>\n\t\t\t\t\n\t\t\t\t\n\t\t\t<\/div>\n\t\t\t\n\t\t<\/div>\n\t\t\t\t\t\t<\/div>\n\t\t\t\t<\/div>\n\t\t\t\t<\/div>\n\t\t<div class=\"elementor-element elementor-element-168b6a2 e-con-full e-flex e-con e-child\" data-id=\"168b6a2\" data-element_type=\"container\">\n\t\t\t\t<div class=\"elementor-element elementor-element-b264df0 elementor-view-default elementor-position-top elementor-mobile-position-top elementor-widget elementor-widget-icon-box\" data-id=\"b264df0\" data-element_type=\"widget\" data-widget_type=\"icon-box.default\">\n\t\t\t\t<div class=\"elementor-widget-container\">\n\t\t\t\t\t\t\t<div class=\"elementor-icon-box-wrapper\">\n\n\t\t\t\t\t\t<div class=\"elementor-icon-box-icon\">\n\t\t\t\t<a href=\"https:\/\/platform.sitproject.eu\/sk\/pomoc\/\" class=\"elementor-icon\" tabindex=\"-1\" aria-label=\"Pomoc\">\n\t\t\t\t<svg aria-hidden=\"true\" class=\"e-font-icon-svg e-far-comment-dots\" viewBox=\"0 0 512 512\" xmlns=\"http:\/\/www.w3.org\/2000\/svg\"><path d=\"M144 208c-17.7 0-32 14.3-32 32s14.3 32 32 32 32-14.3 32-32-14.3-32-32-32zm112 0c-17.7 0-32 14.3-32 32s14.3 32 32 32 32-14.3 32-32-14.3-32-32-32zm112 0c-17.7 0-32 14.3-32 32s14.3 32 32 32 32-14.3 32-32-14.3-32-32-32zM256 32C114.6 32 0 125.1 0 240c0 47.6 19.9 91.2 52.9 126.3C38 405.7 7 439.1 6.5 439.5c-6.6 7-8.4 17.2-4.6 26S14.4 480 24 480c61.5 0 110-25.7 139.1-46.3C192 442.8 223.2 448 256 448c141.4 0 256-93.1 256-208S397.4 32 256 32zm0 368c-26.7 0-53.1-4.1-78.4-12.1l-22.7-7.2-19.5 13.8c-14.3 10.1-33.9 21.4-57.5 29 7.3-12.1 14.4-25.7 19.9-40.2l10.6-28.1-20.6-21.8C69.7 314.1 48 282.2 48 240c0-88.2 93.3-160 208-160s208 71.8 208 160-93.3 160-208 160z\"><\/path><\/svg>\t\t\t\t<\/a>\n\t\t\t<\/div>\n\t\t\t\n\t\t\t\t\t\t<div class=\"elementor-icon-box-content\">\n\n\t\t\t\t\t\t\t\t\t<h3 class=\"elementor-icon-box-title\">\n\t\t\t\t\t\t<a href=\"https:\/\/platform.sitproject.eu\/sk\/pomoc\/\" >\n\t\t\t\t\t\t\tPomoc\t\t\t\t\t\t<\/a>\n\t\t\t\t\t<\/h3>\n\t\t\t\t\n\t\t\t\t\n\t\t\t<\/div>\n\t\t\t\n\t\t<\/div>\n\t\t\t\t\t\t<\/div>\n\t\t\t\t<\/div>\n\t\t\t\t<\/div>\n\t\t\t\t\t<\/div>\n\t\t\t\t<\/div>\n\t\t\t\t<\/div>\n\t\t","protected":false},"excerpt":{"rendered":"<p>Vitajte na platforme e-vzdel\u00e1vania Kurz technika v oblasti biotextilu (EQF5) Kurz mana\u017e\u00e9ra v oblasti recykl\u00e1cie textilu (EQF 6) Informa\u010dn\u00fd panel \u010casto kladen\u00e9 ot\u00e1zky Pomoc<\/p>\n","protected":false},"author":2,"featured_media":0,"parent":0,"menu_order":0,"comment_status":"closed","ping_status":"closed","template":"elementor_header_footer","meta":{"footnotes":""},"class_list":["post-13495","page","type-page","status-publish","hentry"],"_links":{"self":[{"href":"https:\/\/platform.sitproject.eu\/sk\/wp-json\/wp\/v2\/pages\/13495","targetHints":{"allow":["GET"]}}],"collection":[{"href":"https:\/\/platform.sitproject.eu\/sk\/wp-json\/wp\/v2\/pages"}],"about":[{"href":"https:\/\/platform.sitproject.eu\/sk\/wp-json\/wp\/v2\/types\/page"}],"author":[{"embeddable":true,"href":"https:\/\/platform.sitproject.eu\/sk\/wp-json\/wp\/v2\/users\/2"}],"replies":[{"embeddable":true,"href":"https:\/\/platform.sitproject.eu\/sk\/wp-json\/wp\/v2\/comments?post=13495"}],"version-history":[{"count":11,"href":"https:\/\/platform.sitproject.eu\/sk\/wp-json\/wp\/v2\/pages\/13495\/revisions"}],"predecessor-version":[{"id":13752,"href":"https:\/\/platform.sitproject.eu\/sk\/wp-json\/wp\/v2\/pages\/13495\/revisions\/13752"}],"wp:attachment":[{"href":"https:\/\/platform.sitproject.eu\/sk\/wp-json\/wp\/v2\/media?parent=13495"}],"curies":[{"name":"wp","href":"https:\/\/api.w.org\/{rel}","templated":true}]}}